{"id":1227,"date":"2024-06-06T10:49:42","date_gmt":"2024-06-06T10:49:42","guid":{"rendered":"http:\/\/nsite.tampazarlama.com\/?page_id=1227"},"modified":"2024-06-06T10:49:43","modified_gmt":"2024-06-06T10:49:43","slug":"gizlilik-politikasi","status":"publish","type":"page","link":"https:\/\/tampazarlama.com\/tr\/gizlilik-politikasi\/","title":{"rendered":"Gizlilik Politikas\u0131"},"content":{"rendered":"\n<style type=\"text\/css\" data-created_by=\"avia_inline_auto\" id=\"style-css-av-av_section-155a1910e04f98c7f4b9af6b5af143c2\">\n.avia-section.av-av_section-155a1910e04f98c7f4b9af6b5af143c2 .av-parallax .av-parallax-inner{\nbackground-repeat:no-repeat;\nbackground-image:url(https:\/\/tampazarlama.com\/wp-content\/uploads\/2024\/05\/PrivacyPolicy.jpg);\nbackground-position:0% 0%;\nbackground-attachment:scroll;\n}\n.avia-section.av-av_section-155a1910e04f98c7f4b9af6b5af143c2 .av-section-color-overlay{\nopacity:0.5;\nbackground-color:#cccccc;\n}\n<\/style>\n<div id='av_section_1'  class='avia-section av-av_section-155a1910e04f98c7f4b9af6b5af143c2 main_color avia-section-default avia-no-border-styling  avia-builder-el-0  el_before_av_heading  avia-builder-el-first  av-parallax-section avia-bg-style-parallax av-section-color-overlay-active av-minimum-height av-minimum-height-custom av-height-custom  container_wrap sidebar_right'  data-section-bg-repeat='no-repeat' data-av_minimum_height_px='500'><div class='av-parallax' data-avia-parallax-ratio='0.3' ><div class='av-parallax-inner main_color avia-full-stretch'><\/div><\/div><div class=\"av-section-color-overlay-wrap\"><div class=\"av-section-color-overlay\"><\/div><div class='container av-section-cont-open' style='height:500px'><main  role=\"main\" itemprop=\"mainContentOfPage\"  class='template-page content  av-content-small alpha units'><div class='post-entry post-entry-type-page post-entry-1227'><div class='entry-content-wrapper clearfix'><\/div><\/div><\/main><!-- close content main element --><\/div><\/div><\/div><div id='after_section_1'  class='main_color av_default_container_wrap container_wrap sidebar_right'  ><div class='container av-section-cont-open' ><div class='template-page content  av-content-small alpha units'><div class='post-entry post-entry-type-page post-entry-1227'><div class='entry-content-wrapper clearfix'>\n\n<style type=\"text\/css\" data-created_by=\"avia_inline_auto\" id=\"style-css-av-lx34t314-a783de794269950c67abe24cb3767da0\">\n#top .av-special-heading.av-lx34t314-a783de794269950c67abe24cb3767da0{\npadding-bottom:10px;\n}\nbody .av-special-heading.av-lx34t314-a783de794269950c67abe24cb3767da0 .av-special-heading-tag .heading-char{\nfont-size:25px;\n}\n.av-special-heading.av-lx34t314-a783de794269950c67abe24cb3767da0 .av-subheading{\nfont-size:15px;\n}\n<\/style>\n<div  class='av-special-heading av-lx34t314-a783de794269950c67abe24cb3767da0 av-special-heading-h3  avia-builder-el-1  el_after_av_section  el_before_av_textblock  avia-builder-el-first  av-thin-font'><h3 class='av-special-heading-tag'  itemprop=\"headline\"  ><strong>Gizlilik Politikas\u0131<\/strong><\/h3><div class=\"special-heading-border\"><div class=\"special-heading-inner-border\"><\/div><\/div><\/div>\n<section  class='av_textblock_section av-lx34xcyq-48095cbb3ffe07927abdfd92cedb8cd2 '   itemscope=\"itemscope\" itemtype=\"https:\/\/schema.org\/CreativeWork\" ><div class='avia_textblock'  itemprop=\"text\" ><h4 data-sourcepos=\"1:1-1:216\">Bu web sitesini kullan\u0131m\u0131n\u0131z, sizin taraf\u0131n\u0131zdan, kendiniz ad\u0131na ve temsil etti\u011finiz herhangi bir ki\u015fi ad\u0131na a\u015fa\u011f\u0131daki \u015eartlar ve Ko\u015fullar\u0131 tamamen kabul etmeniz \u00fczerine kuruludur ve kesinlikle buna dayanmaktad\u0131r.<\/h4>\n<p data-sourcepos=\"3:1-3:306\">\u015eirket, web sitesinde yay\u0131nlanan versiyonda de\u011fi\u015fiklik yaparak bu \u015eartlar ve Ko\u015fullar\u0131 her zaman de\u011fi\u015ftirme hakk\u0131n\u0131 sakl\u0131 tutar, bundan sonra web sitesini sizin taraf\u0131n\u0131zdan sonraki herhangi bir kullan\u0131m, sizin taraf\u0131n\u0131zdan \u015eartlar ve Ko\u015fullar\u0131n de\u011fi\u015ftirilmi\u015f haliyle kabul edilmesi olarak de\u011ferlendirilir.<\/p>\n<p data-sourcepos=\"5:1-5:99\">Bu hizmeti kullanarak herhangi bir yasa veya mahkeme karar\u0131n\u0131 ihlal etmedi\u011finizi garanti edersiniz.<\/p>\n<p data-sourcepos=\"7:1-7:66\">Bu web sitesini ziyaret ederek ve gezerek \u015funlar\u0131 kabul edersiniz:<\/p>\n<ul data-sourcepos=\"9:1-17:122\">\n<li data-sourcepos=\"9:1-9:224\">Herhangi bir yasay\u0131 ihlal eden herhangi bir eylemde bulunmayacaks\u0131n\u0131z ve bu h\u00fck\u00fcmdeki herhangi bir ihlalin t\u00fcm taleplerine, tazminatlar\u0131na veya di\u011fer sonu\u00e7lar\u0131na kar\u015f\u0131 bizi tamamen tazmin edecek ve sorumlu tutmayacaks\u0131n\u0131z.<\/li>\n<li data-sourcepos=\"10:1-10:606\">Di\u011ferlerinin fikri m\u00fclkiyet haklar\u0131 da dahil olmak \u00fczere haklar\u0131n\u0131 ihlal eden ve\/veya makul ahlak, nezaket ve ba\u015fkalar\u0131n\u0131n medeni bir \u015fekilde muamele g\u00f6rme menfaatlerine sayg\u0131 duyulmas\u0131 gibi makul ahlak standartlar\u0131n\u0131 ihlal edebilecek veya ba\u015fkalar\u0131n\u0131n yasalarca hakaret edilmeme hakk\u0131n\u0131 ihlal edebilecek veya herhangi bir yasay\u0131 ihlal edebilecek herhangi bir resim, grafik, metin, hiperlink, makine taraf\u0131ndan okunabilir kod veya ba\u015fka i\u00e7erikleri bu web sitesinin herhangi bir alan\u0131na y\u00fcklemeyeceksiniz ve bu t\u00fcr i\u00e7eriklerle ilgili olabilecek t\u00fcm taleplere ve tazminatlara kar\u015f\u0131 bizi tazmin edeceksiniz.<\/li>\n<li data-sourcepos=\"11:1-11:180\">Kimli\u011finize, ziyaretinizin amac\u0131na veya ba\u015fka bir \u015feye ili\u015fkin olarak hi\u00e7bir bilgiyi, do\u011fru ve d\u00fcr\u00fcst olmayan bir \u015fekilde bu web sitesinin herhangi bir alan\u0131na y\u00fcklemeyeceksiniz.<\/li>\n<li data-sourcepos=\"12:1-12:478\">Bu web sitesine herhangi bir bilgi y\u00fcklemeyecek, ba\u015fkalar\u0131 taraf\u0131ndan y\u00fcklenme riskini yaratmayacak veya art\u0131rmayacak veya ba\u015fka bir \u015fekilde bu web sitesini veya \u00fczerinde a\u00e7\u0131klanan herhangi bir e-posta adresini herhangi bir vir\u00fcs, trojan, otomatik program veya di\u011fer k\u00f6t\u00fc ama\u00e7l\u0131 yaz\u0131l\u0131m\u0131n ziyaret veya eylemine kar\u015f\u0131 riske atmayacaks\u0131n\u0131z ve bu t\u00fcr herhangi bir y\u00fcklemeden veya riskten kaynaklanan herhangi bir kay\u0131p veya zarara kar\u015f\u0131 bizi her zaman tamamen tazmin edeceksiniz.<\/li>\n<li data-sourcepos=\"13:1-13:137\">Web sitesine kendiniz y\u00fckledi\u011finiz herhangi bir i\u00e7eri\u011fi herhangi bir zamanda ve size haber vermeden kald\u0131rma hakk\u0131m\u0131z tamamen sakl\u0131d\u0131r.<\/li>\n<li data-sourcepos=\"14:1-14:238\">Ki\u015fisel giri\u015fle bu web sitesinin herhangi bir b\u00f6l\u00fcm\u00fcne eri\u015fmeniz durumunda, bu eylemi yapan siz olsan\u0131z da olmasan\u0131z da, kullan\u0131c\u0131 ad\u0131n\u0131z alt\u0131nda web sitesinde ger\u00e7ekle\u015ftirilen t\u00fcm i\u015flemlerden tamamen sorumlu oldu\u011funuzu kabul edersiniz.<\/li>\n<li data-sourcepos=\"15:1-15:759\">Bu web siteyi ziyaret etmenizden (\u00fczerinde g\u00f6r\u00fcnen bilgi veya tavsiyeler sonucu herhangi bir eylem veya eylemsizlikten bizi sorumlu tutmamay\u0131 kabul etme dahil) do\u011frudan veya dolayl\u0131 olarak kaynaklanan kay\u0131p veya hasardan sorumlu olmad\u0131\u011f\u0131m\u0131z\u0131, bu web sitesinden eri\u015fim yoluyla veya bu web sitesinden ba\u011flant\u0131l\u0131 olan bir web sitesi, web sitemiz gibi g\u00f6r\u00fcnen herhangi bir web sitesi veya veri payla\u015f\u0131m teknolojileri arac\u0131l\u0131\u011f\u0131yla g\u00f6r\u00fcnen veriler ve bilgilerden veya taray\u0131c\u0131n\u0131zda veya e-posta program\u0131n\u0131zda optimumdan daha d\u00fc\u015f\u00fck \u015fifreleme g\u00fcvenli\u011fi, vir\u00fcs koruma veya spam koruma veya di\u011fer benzeri prosed\u00fcrlerin kullan\u0131lmas\u0131ndan veya web&#8217;de gezinirken benimsedi\u011finiz tutum ve prosed\u00fcrlerden kaynaklanan kay\u0131p veya hasardan sorumlu olmad\u0131\u011f\u0131m\u0131z\u0131 kabul edersiniz.<\/li>\n<li data-sourcepos=\"16:1-16:633\">\u0130nternet&#8217;teki web sitesinin kullan\u0131labilirli\u011fini her zaman en \u00fcst d\u00fczeyde tutmak i\u00e7in elimizden gelen her \u015feyi yaparken, ba\u011flant\u0131 kesintileri potansiyeli teknolojinin ve bizim kontrol\u00fcm\u00fcz d\u0131\u015f\u0131ndaki olaylar\u0131n \u00e7ok \u00f6tesine uzand\u0131\u011f\u0131n\u0131, \u0130nternetin i\u015flevselli\u011fine ve ba\u011flant\u0131s\u0131na katk\u0131da bulunan \u00e7ok \u00e7e\u015fitli kurulu\u015flar\u0131n olas\u0131 eylemlerini ve kendi yaz\u0131l\u0131m\u0131n\u0131z\u0131n ve web sitelerinizin durumunu kapsad\u0131\u011f\u0131n\u0131, herhangi bir nedenle meydana gelen herhangi bir eri\u015fim kesintisinden veya ba\u015far\u0131s\u0131zl\u0131ktan veya ama\u00e7lanan i\u015flevsellikteki varyasyondan do\u011fan do\u011frudan veya dolayl\u0131 herhangi bir kay\u0131p veya hasardan sorumlu olmad\u0131\u011f\u0131m\u0131z\u0131 kabul edersiniz.<\/li>\n<li data-sourcepos=\"17:1-17:122\">Bu web sitesini kullan\u0131m\u0131n\u0131z\u0131 veya eri\u015fiminizi herhangi bir zamanda ask\u0131ya alma veya iptal etme hakk\u0131m\u0131z\u0131 sakl\u0131 tutar\u0131z.<\/li>\n<\/ul>\n<\/div><\/section>\n","protected":false},"excerpt":{"rendered":"","protected":false},"author":1,"featured_media":0,"parent":0,"menu_order":0,"comment_status":"closed","ping_status":"open","template":"","meta":{"footnotes":""},"class_list":["post-1227","page","type-page","status-publish","hentry"],"_links":{"self":[{"href":"https:\/\/tampazarlama.com\/tr\/wp-json\/wp\/v2\/pages\/1227","targetHints":{"allow":["GET"]}}],"collection":[{"href":"https:\/\/tampazarlama.com\/tr\/wp-json\/wp\/v2\/pages"}],"about":[{"href":"https:\/\/tampazarlama.com\/tr\/wp-json\/wp\/v2\/types\/page"}],"author":[{"embeddable":true,"href":"https:\/\/tampazarlama.com\/tr\/wp-json\/wp\/v2\/users\/1"}],"replies":[{"embeddable":true,"href":"https:\/\/tampazarlama.com\/tr\/wp-json\/wp\/v2\/comments?post=1227"}],"version-history":[{"count":1,"href":"https:\/\/tampazarlama.com\/tr\/wp-json\/wp\/v2\/pages\/1227\/revisions"}],"predecessor-version":[{"id":1228,"href":"https:\/\/tampazarlama.com\/tr\/wp-json\/wp\/v2\/pages\/1227\/revisions\/1228"}],"wp:attachment":[{"href":"https:\/\/tampazarlama.com\/tr\/wp-json\/wp\/v2\/media?parent=1227"}],"curies":[{"name":"wp","href":"https:\/\/api.w.org\/{rel}","templated":true}]}}