{"id":1222,"date":"2024-06-06T10:11:47","date_gmt":"2024-06-06T10:11:47","guid":{"rendered":"http:\/\/nsite.tampazarlama.com\/?page_id=1222"},"modified":"2024-12-31T10:20:14","modified_gmt":"2024-12-31T10:20:14","slug":"contact","status":"publish","type":"page","link":"https:\/\/tampazarlama.com\/tr\/contact\/","title":{"rendered":"Temas etmek"},"content":{"rendered":"<div id='av_section_1'  class='avia-section av-av_section-33a9d2291b82d61b6f805bbb74b4477c main_color avia-section-large avia-no-border-styling  avia-builder-el-0  el_before_av_section  avia-builder-el-first  avia-bg-style-scroll container_wrap sidebar_right'  ><div class='container av-section-cont-open' ><main  role=\"main\" itemprop=\"mainContentOfPage\"  class='template-page content  av-content-small alpha units'><div class='post-entry post-entry-type-page post-entry-1222'><div class='entry-content-wrapper clearfix'>\n<style type=\"text\/css\" data-created_by=\"avia_inline_auto\" id=\"style-css-av-lx3386ya-1c1d4d6447248f225745b0f27beb7436\">\n#top .av-special-heading.av-lx3386ya-1c1d4d6447248f225745b0f27beb7436{\npadding-bottom:30px;\nfont-size:70px;\n}\nbody .av-special-heading.av-lx3386ya-1c1d4d6447248f225745b0f27beb7436 .av-special-heading-tag .heading-char{\nfont-size:25px;\n}\n#top #wrap_all .av-special-heading.av-lx3386ya-1c1d4d6447248f225745b0f27beb7436 .av-special-heading-tag{\nfont-size:70px;\n}\n.av-special-heading.av-lx3386ya-1c1d4d6447248f225745b0f27beb7436 .av-subheading{\nfont-size:15px;\n}\n\n@media only screen and (min-width: 480px) and (max-width: 767px){ \n#top #wrap_all .av-special-heading.av-lx3386ya-1c1d4d6447248f225745b0f27beb7436 .av-special-heading-tag{\nfont-size:0.8em;\n}\n}\n\n@media only screen and (max-width: 479px){ \n#top #wrap_all .av-special-heading.av-lx3386ya-1c1d4d6447248f225745b0f27beb7436 .av-special-heading-tag{\nfont-size:0.8em;\n}\n}\n<\/style>\n<div  class='av-special-heading av-lx3386ya-1c1d4d6447248f225745b0f27beb7436 av-special-heading-h1 blockquote modern-quote  avia-builder-el-1  el_before_av_one_half  avia-builder-el-first  av-thin-font av-inherit-size'><h1 class='av-special-heading-tag'  itemprop=\"headline\"  >Temas etmek<strong>.<\/strong><\/h1><div class=\"special-heading-border\"><div class=\"special-heading-inner-border\"><\/div><\/div><\/div>\n\n<style type=\"text\/css\" data-created_by=\"avia_inline_auto\" id=\"style-css-av-av_one_half-068220c8262444be99a83ad265bdcedb\">\n.flex_column.av-av_one_half-068220c8262444be99a83ad265bdcedb{\nborder-radius:0px 0px 0px 0px;\npadding:0px 0px 0px 0px;\n}\n<\/style>\n<div  class='flex_column av-av_one_half-068220c8262444be99a83ad265bdcedb av_one_half  avia-builder-el-2  el_after_av_heading  el_before_av_one_fourth  first flex_column_div av-zero-column-padding  '     ><section  class='av_textblock_section av-lx338cl4-e764cbba9b397e97b24852c2178b0197 '   itemscope=\"itemscope\" itemtype=\"https:\/\/schema.org\/CreativeWork\" ><div class='avia_textblock'  itemprop=\"text\" ><p>Tam Pazarlama olarak ba\u015far\u0131m\u0131z, operasyonlar\u0131m\u0131za ve m\u00fc\u015fterilerimiz, ortaklar\u0131m\u0131z ve \u00e7al\u0131\u015fanlar\u0131m\u0131zla olan etkile\u015fimlerimize y\u00f6n veren g\u00fc\u00e7l\u00fc ilkeler temeline dayanmaktad\u0131r. Bu temel de\u011ferler, i\u015f yapma \u015feklimizi \u015fekillendiren ve bizi m\u00fckemmelli\u011fe do\u011fru y\u00f6nlendiren misyon ve vizyonumuzun ayr\u0131lmaz bir par\u00e7as\u0131d\u0131r.<\/p>\n<\/div><\/section><\/div>\n<style type=\"text\/css\" data-created_by=\"avia_inline_auto\" id=\"style-css-av-av_one_fourth-e671fab5613f317ef63eb9ab712c64a3\">\n.flex_column.av-av_one_fourth-e671fab5613f317ef63eb9ab712c64a3{\nborder-radius:0px 0px 0px 0px;\npadding:0px 0px 0px 0px;\n}\n<\/style>\n<div  class='flex_column av-av_one_fourth-e671fab5613f317ef63eb9ab712c64a3 av_one_fourth  avia-builder-el-4  el_after_av_one_half  el_before_av_one_fourth  flex_column_div av-zero-column-padding  '     ><section  class='av_textblock_section av-lx339wxf-a3a934927831bf7b482298ebbe6667f0 '   itemscope=\"itemscope\" itemtype=\"https:\/\/schema.org\/CreativeWork\" ><div class='avia_textblock'  itemprop=\"text\" ><p><strong>Adres:<\/strong><\/p>\n<p>SANAY\u0130 MAH. 60195 NOLU CAD.<br \/>NO: 6 \u015eEH\u0130TKAM\u0130L \/ GAZ\u0130ANTEP \/ Turkey<\/p>\n<p>(+90)5300637319<\/p>\n<p>(+90)5315014534<\/p>\n<p><a href=\"mailto:Info@tampazarlama.com\">Info@tampazarlama.com<\/a><\/p>\n<\/div><\/section><\/div>\n<style type=\"text\/css\" data-created_by=\"avia_inline_auto\" id=\"style-css-av-av_one_fourth-e671fab5613f317ef63eb9ab712c64a3\">\n.flex_column.av-av_one_fourth-e671fab5613f317ef63eb9ab712c64a3{\nborder-radius:0px 0px 0px 0px;\npadding:0px 0px 0px 0px;\n}\n<\/style>\n<div  class='flex_column av-av_one_fourth-e671fab5613f317ef63eb9ab712c64a3 av_one_fourth  avia-builder-el-6  el_after_av_one_fourth  avia-builder-el-last  flex_column_div av-zero-column-padding  '     ><section  class='av_textblock_section av-lx33aa44-365ca2939cc7dad5b17a93b3cbf5a05e '   itemscope=\"itemscope\" itemtype=\"https:\/\/schema.org\/CreativeWork\" ><div class='avia_textblock'  itemprop=\"text\" ><p><strong>A\u00e7\u0131l\u0131\u015f saatleri:<\/strong><br \/>Mo-Fr: 8:00-22:00<br \/>Sa- Fr: off<\/p>\n<\/div><\/section><\/div>\n<\/div><\/div><\/main><!-- close content main element --><\/div><\/div>\n<style type=\"text\/css\" data-created_by=\"avia_inline_auto\" id=\"style-css-av-av_section-8be88a22db4c1efec27e8179ada4d4e5\">\n.avia-section.av-av_section-8be88a22db4c1efec27e8179ada4d4e5{\nbackground-repeat:no-repeat;\nbackground-image:url(https:\/\/tampazarlama.com\/wp-content\/uploads\/2024\/05\/contact-bg.jpg);\nbackground-position:50% 50%;\nbackground-attachment:fixed;\n}\n.avia-section.av-av_section-8be88a22db4c1efec27e8179ada4d4e5 .av-section-color-overlay{\nopacity:0.3;\nbackground-color:#000000;\n}\n<\/style>\n<div id='av_section_2'  class='avia-section av-av_section-8be88a22db4c1efec27e8179ada4d4e5 alternate_color avia-section-huge avia-no-border-styling  avia-builder-el-8  el_after_av_section  el_before_av_section  avia-full-stretch avia-bg-style-fixed av-section-color-overlay-active container_wrap sidebar_right'  data-section-bg-repeat='stretch'><div class=\"av-section-color-overlay-wrap\"><div class=\"av-section-color-overlay\"><\/div><div class='container av-section-cont-open' ><div class='template-page content  av-content-small alpha units'><div class='post-entry post-entry-type-page post-entry-1222'><div class='entry-content-wrapper clearfix'>\n\n<style type=\"text\/css\" data-created_by=\"avia_inline_auto\" id=\"style-css-av-av_three_fifth-068220c8262444be99a83ad265bdcedb\">\n.flex_column.av-av_three_fifth-068220c8262444be99a83ad265bdcedb{\nborder-radius:0px 0px 0px 0px;\npadding:0px 0px 0px 0px;\n}\n<\/style>\n<div  class='flex_column av-av_three_fifth-068220c8262444be99a83ad265bdcedb av_three_fifth  avia-builder-el-9  el_before_av_two_fifth  avia-builder-el-first  first flex_column_div av-zero-column-padding  '     ><p>\n<style type=\"text\/css\" data-created_by=\"avia_inline_auto\" id=\"style-css-av-lx33av1v-7247dad0579a8e37b1c5b7237eb4c514\">\n#top .av-special-heading.av-lx33av1v-7247dad0579a8e37b1c5b7237eb4c514{\npadding-bottom:20px;\nfont-size:50px;\n}\nbody .av-special-heading.av-lx33av1v-7247dad0579a8e37b1c5b7237eb4c514 .av-special-heading-tag .heading-char{\nfont-size:25px;\n}\n#top #wrap_all .av-special-heading.av-lx33av1v-7247dad0579a8e37b1c5b7237eb4c514 .av-special-heading-tag{\nfont-size:50px;\n}\n.av-special-heading.av-lx33av1v-7247dad0579a8e37b1c5b7237eb4c514 .av-subheading{\nfont-size:15px;\n}\n\n@media only screen and (min-width: 480px) and (max-width: 767px){ \n#top #wrap_all .av-special-heading.av-lx33av1v-7247dad0579a8e37b1c5b7237eb4c514 .av-special-heading-tag{\nfont-size:0.8em;\n}\n}\n\n@media only screen and (max-width: 479px){ \n#top #wrap_all .av-special-heading.av-lx33av1v-7247dad0579a8e37b1c5b7237eb4c514 .av-special-heading-tag{\nfont-size:0.8em;\n}\n}\n<\/style>\n<div  class='av-special-heading av-lx33av1v-7247dad0579a8e37b1c5b7237eb4c514 av-special-heading-h1 blockquote modern-quote modern-centered  avia-builder-el-10  el_before_av_contact  avia-builder-el-first  av-thin-font av-inherit-size'><h1 class='av-special-heading-tag'  itemprop=\"headline\"  >Temasta olmak<strong>.<\/strong><\/h1><div class=\"special-heading-border\"><div class=\"special-heading-inner-border\"><\/div><\/div><\/div><br \/>\n<form action=\"https:\/\/tampazarlama.com\/tr\/contact\/\" method=\"post\" data-fields-with-error=\"Found errors in the following field(s):\" class=\"avia_ajax_form av-form-labels-hidden   avia-builder-el-11  el_after_av_heading  avia-builder-el-last  av-custom-form-color av-light-form \" data-avia-form-id=\"1\" data-avia-redirect='' ><fieldset><p class='  first_form  form_element form_element_half' id='element_avia_1_1'><label for=\"avia_1_1\">Name <abbr class=\"required\" title=\"Zorunlu\">*<\/abbr><\/label> <input name=\"avia_1_1\" class=\"text_input is_empty\" type=\"text\" id=\"avia_1_1\" value=\"\"  placeholder='Name*'\/><\/p><p class='  form_element form_element_half' id='element_avia_2_1'><label for=\"avia_2_1\">E-Mail <abbr class=\"required\" title=\"Zorunlu\">*<\/abbr><\/label> <input name=\"avia_2_1\" class=\"text_input is_email\" type=\"text\" id=\"avia_2_1\" value=\"\"  placeholder='E-Mail*'\/><\/p><p class='  first_form  form_element form_fullwidth' id='element_avia_3_1'><label for=\"avia_3_1\">Subject <abbr class=\"required\" title=\"Zorunlu\">*<\/abbr><\/label> <input name=\"avia_3_1\" class=\"text_input is_empty\" type=\"text\" id=\"avia_3_1\" value=\"\"  placeholder='Subject*'\/><\/p><p class='  first_form  form_element form_fullwidth' id='element_avia_4_1'><label for=\"avia_4_1\" class=\"textare_label hidden textare_label_avia_4_1\">Message <abbr class=\"required\" title=\"Zorunlu\">*<\/abbr><\/label><textarea  placeholder='Message*' name=\"avia_4_1\" class=\"text_area is_empty\" cols=\"40\" rows=\"7\" id=\"avia_4_1\" ><\/textarea><\/p><p class=\"hidden\"><input type=\"text\" name=\"avia_5_1\" class=\"hidden \" id=\"avia_5_1\" value=\"\" \/><\/p><p class='   form_element form_fullwidth' id='element_avia_6_1'><span class='value_verifier_label'>0 + 1 = ?<\/span><input name=\"avia_6_1_verifier\" type=\"hidden\" id=\"avia_6_1_verifier\" value=\"767781475\"\/><label for=\"avia_6_1\">L\u00fctfen denklemi \u00e7\u00f6zerek insan oldu\u011funuzu kan\u0131tlay\u0131n\u0131z <abbr class=\"required\" title=\"Zorunlu\">*<\/abbr><\/label><input name=\"avia_6_1\" class=\"text_input captcha\" type=\"text\" id=\"avia_6_1\" value=\"\"\/><\/p><p class=\"form_element \"><input type=\"hidden\" value=\"1\" name=\"avia_generated_form1\" \/><input type=\"submit\" value=\"Submit\" class=\"button\"  data-sending-label=\"G\u00f6nderiliyor\"\/><\/p><\/fieldset><\/form><div id=\"ajaxresponse_1\" class=\"ajaxresponse ajaxresponse_1 hidden\"><\/div><\/p><\/div>\n<style type=\"text\/css\" data-created_by=\"avia_inline_auto\" id=\"style-css-av-av_two_fifth-e671fab5613f317ef63eb9ab712c64a3\">\n.flex_column.av-av_two_fifth-e671fab5613f317ef63eb9ab712c64a3{\nborder-radius:0px 0px 0px 0px;\npadding:0px 0px 0px 0px;\n}\n<\/style>\n<div  class='flex_column av-av_two_fifth-e671fab5613f317ef63eb9ab712c64a3 av_two_fifth  avia-builder-el-12  el_after_av_three_fifth  avia-builder-el-last  flex_column_div av-zero-column-padding  '     ><p>\n<style type=\"text\/css\" data-created_by=\"avia_inline_auto\" id=\"style-css-av-lx33bhug-2b73613052ff4df0be2775dff4162313\">\n#top .av-special-heading.av-lx33bhug-2b73613052ff4df0be2775dff4162313{\npadding-bottom:20px;\nfont-size:50px;\n}\nbody .av-special-heading.av-lx33bhug-2b73613052ff4df0be2775dff4162313 .av-special-heading-tag .heading-char{\nfont-size:25px;\n}\n#top #wrap_all .av-special-heading.av-lx33bhug-2b73613052ff4df0be2775dff4162313 .av-special-heading-tag{\nfont-size:50px;\n}\n.av-special-heading.av-lx33bhug-2b73613052ff4df0be2775dff4162313 .av-subheading{\nfont-size:15px;\n}\n\n@media only screen and (min-width: 480px) and (max-width: 767px){ \n#top #wrap_all .av-special-heading.av-lx33bhug-2b73613052ff4df0be2775dff4162313 .av-special-heading-tag{\nfont-size:0.8em;\n}\n}\n\n@media only screen and (max-width: 479px){ \n#top #wrap_all .av-special-heading.av-lx33bhug-2b73613052ff4df0be2775dff4162313 .av-special-heading-tag{\nfont-size:0.8em;\n}\n}\n<\/style>\n<div  class='av-special-heading av-lx33bhug-2b73613052ff4df0be2775dff4162313 av-special-heading-h1 blockquote modern-quote modern-centered  avia-builder-el-13  el_before_av_textblock  avia-builder-el-first  av-thin-font av-inherit-size'><h1 class='av-special-heading-tag'  itemprop=\"headline\"  >Ayr\u0131ca<strong>&#8230;<\/strong><\/h1><div class=\"special-heading-border\"><div class=\"special-heading-inner-border\"><\/div><\/div><\/div><br \/>\n\n<style type=\"text\/css\" data-created_by=\"avia_inline_auto\" id=\"style-css-av-lx33cl4c-787b91ce2d73a3617ffcfee697cd3fce\">\n#top .av_textblock_section.av-lx33cl4c-787b91ce2d73a3617ffcfee697cd3fce .avia_textblock{\ncolor:#ffffff;\n}\n<\/style>\n<section  class='av_textblock_section av-lx33cl4c-787b91ce2d73a3617ffcfee697cd3fce '   itemscope=\"itemscope\" itemtype=\"https:\/\/schema.org\/CreativeWork\" ><div class='avia_textblock av_inherit_color'  itemprop=\"text\" ><h4>Kalite ve De\u011ferlendirme Taahh\u00fcd\u00fc<\/h4>\n<p>M\u00fc\u015fterilerimiz ad\u0131na ekipman tedarik ederken hem yeni hem de kullan\u0131lm\u0131\u015f makinelerin g\u00fcvenilir tedarik\u00e7ileriyle yak\u0131n i\u015f birli\u011fi yap\u0131yoruz. Kaliteye olan ba\u011fl\u0131l\u0131\u011f\u0131m\u0131z de\u011fi\u015fmez ve her makinenin g\u00f6nderilmeden \u00f6nce kapsaml\u0131 ve eksiksiz bir de\u011ferlendirmeye tabi tutulmas\u0131n\u0131 sa\u011fl\u0131yoruz. Bu titiz s\u00fcre\u00e7, m\u00fc\u015fterilerimizin do\u011fru hizmeti almas\u0131n\u0131 ve al\u0131\u015fveri\u015flerini g\u00f6n\u00fcl rahatl\u0131\u011f\u0131yla yapabilmelerini garanti eder.<\/p>\n<h4>Uzmanl\u0131k ve K\u00fcresel Eri\u015fim<\/h4>\n<p>M\u00fchendis ve teknisyenlerden olu\u015fan ekibimiz karma\u015f\u0131k projelerin \u00fcstesinden gelebilecek bilgi ve becerilerle donat\u0131lm\u0131\u015ft\u0131r ve makinelerimizin en y\u00fcksek performans ve g\u00fcvenilirlik standartlar\u0131n\u0131 kar\u015f\u0131lamas\u0131n\u0131 sa\u011flar. K\u00fcresel eri\u015fimimiz ve kapsaml\u0131 tedarik\u00e7i a\u011f\u0131m\u0131z, m\u00fc\u015fterilerimiz i\u00e7in operasyonel verimlili\u011fi ve \u00fcretkenli\u011fi art\u0131ran \u00f6zel \u00e7\u00f6z\u00fcmler sunmam\u0131za olanak tan\u0131r.<\/p>\n<\/div><\/section><\/p><\/div><\/div><\/div><\/div><!-- close content main div --><\/div><\/div><\/div><div id='av_section_3'  class='avia-section av-av_section-33a9d2291b82d61b6f805bbb74b4477c main_color avia-section-large avia-no-border-styling  avia-builder-el-15  el_after_av_section  el_before_av_leaflet_map  avia-bg-style-scroll container_wrap sidebar_right'  ><div class='container av-section-cont-open' ><div class='template-page content  av-content-small alpha units'><div class='post-entry post-entry-type-page post-entry-1222'><div class='entry-content-wrapper clearfix'>\n<style type=\"text\/css\" data-created_by=\"avia_inline_auto\" id=\"style-css-av-av_one_half-068220c8262444be99a83ad265bdcedb\">\n.flex_column.av-av_one_half-068220c8262444be99a83ad265bdcedb{\nborder-radius:0px 0px 0px 0px;\npadding:0px 0px 0px 0px;\n}\n<\/style>\n<div  class='flex_column av-av_one_half-068220c8262444be99a83ad265bdcedb av_one_half  avia-builder-el-16  el_before_av_one_half  avia-builder-el-first  first flex_column_div av-zero-column-padding  '     ><section  class='av_textblock_section av-lx33heg1-63cc7b5454989fef83a9f1f8345193c8 '   itemscope=\"itemscope\" itemtype=\"https:\/\/schema.org\/CreativeWork\" ><div class='avia_textblock'  itemprop=\"text\" ><p>Tam Pazarlama, y\u00fcksek kaliteli kullan\u0131lm\u0131\u015f i\u015fleme ve paketleme makinelerinin d\u00fcnya \u00e7ap\u0131nda tan\u0131nm\u0131\u015f bir tedarik\u00e7isi ve al\u0131c\u0131s\u0131d\u0131r. Operasyonlar\u0131m\u0131z, her biri kendi \u00f6zel rollerine kapsaml\u0131 deneyim ve uzmanl\u0131k getiren y\u00fcksek vas\u0131fl\u0131 m\u00fchendis ve teknisyenlerden olu\u015fan bir ekip taraf\u0131ndan desteklenmektedir.<\/p>\n<\/div><\/section><\/div>\n<style type=\"text\/css\" data-created_by=\"avia_inline_auto\" id=\"style-css-av-av_one_half-e671fab5613f317ef63eb9ab712c64a3\">\n.flex_column.av-av_one_half-e671fab5613f317ef63eb9ab712c64a3{\nborder-radius:0px 0px 0px 0px;\npadding:0px 0px 0px 0px;\n}\n<\/style>\n<div  class='flex_column av-av_one_half-e671fab5613f317ef63eb9ab712c64a3 av_one_half  avia-builder-el-18  el_after_av_one_half  avia-builder-el-last  flex_column_div av-zero-column-padding  '     ><section  class='av_textblock_section av-lx33ht4u-d858adefd2da0d2f17f0e875dbba9a68 '   itemscope=\"itemscope\" itemtype=\"https:\/\/schema.org\/CreativeWork\" ><div class='avia_textblock'  itemprop=\"text\" ><p>\u00c7ok say\u0131da ba\u015far\u0131l\u0131 projeyle d\u00fcnyan\u0131n bir\u00e7ok \u00fclkesinde g\u00fc\u00e7l\u00fc bir varl\u0131k olu\u015fturduk.<\/p>\n<\/div><\/section><\/div><\/p>\n<div id='avia-leaflet-map-1' class='av_leaflet_sc_main_wrap av-av_leaflet_map-03e2d9acdf29ead5df6dfa733decba6d av_leaflet_main_wrap'><div class='avia-leaflet-map-container avia-leaflet-map-sc'><div class=\"leaflet-map WPLeafletMap\" style=\"height:350px; width:100%;\"><\/div><script>\nwindow.WPLeafletMapPlugin = window.WPLeafletMapPlugin || [];\nwindow.WPLeafletMapPlugin.push(function WPLeafletMapShortcode() {\/*<script>*\/\nvar baseUrl = atob('aHR0cHM6Ly97c30udGlsZS5vcGVuc3RyZWV0bWFwLm9yZy97en0ve3h9L3t5fS5wbmc=');\nvar base = (!baseUrl && window.MQ) ?\n    window.MQ.mapLayer() : L.tileLayer(baseUrl,\n        L.Util.extend({}, {\n            detectRetina: 0,\n        },\n        {\"subdomains\":\"abc\",\"noWrap\":false,\"maxZoom\":15}        )\n    );\n    var options = L.Util.extend({}, {\n        layers: [base],\n        attributionControl: false\n    },\n    {\"closePopupOnClick\":false,\"dragging\":true,\"keyboard\":true,\"tap\":false,\"zoomControl\":true,\"scrollWheelZoom\":true,\"doubleClickZoom\":false,\"fitBounds\":true,\"minZoom\":0,\"maxZoom\":15,\"maxBounds\":null,\"attribution\":\"<a href=\\\"http:\\\/\\\/leafletjs.com\\\" title=\\\"A JS library for interactive maps\\\">Leaflet<\\\/a>; \\u00a9 <a href=\\\"http:\\\/\\\/www.openstreetmap.org\\\/copyright\\\">OpenStreetMap<\\\/a> contributors\"},\n    {});\nwindow.WPLeafletMapPlugin.createMap(options).setView([37.087969,37.438188],12);window.WPLeafletMapPlugin.createScale({});});<\/script><script>\nwindow.WPLeafletMapPlugin = window.WPLeafletMapPlugin || [];\nwindow.WPLeafletMapPlugin.push(function WPLeafletMarkerShortcode() {\/*<script>*\/\nvar map = window.WPLeafletMapPlugin.getCurrentMap();\nvar group = window.WPLeafletMapPlugin.getCurrentGroup();\nvar marker_options = window.WPLeafletMapPlugin.getIconOptions({\"draggable\":false});\nvar marker = L.marker(\n    [37.087969,37.438188],\n    marker_options\n);\nvar is_image = map.is_image_map;\nif (marker_options.draggable) {\n    marker.on('dragend', function () {\n        var latlng = this.getLatLng();\n        var lat = latlng.lat;\n        var lng = latlng.lng;\n        if (is_image) {\n            console.log('leaflet-marker y=' + lat + ' x=' + lng);\n        } else {\n            console.log('leaflet-marker lat=' + lat + ' lng=' + lng);\n        }\n    });\n}\nmarker.addTo( group );\nwindow.WPLeafletMapPlugin.markers.push( marker );\n        });<\/script><\/div><\/div>\n","protected":false},"excerpt":{"rendered":"","protected":false},"author":1,"featured_media":0,"parent":0,"menu_order":0,"comment_status":"closed","ping_status":"closed","template":"","meta":{"footnotes":""},"class_list":["post-1222","page","type-page","status-publish","hentry"],"_links":{"self":[{"href":"https:\/\/tampazarlama.com\/tr\/wp-json\/wp\/v2\/pages\/1222","targetHints":{"allow":["GET"]}}],"collection":[{"href":"https:\/\/tampazarlama.com\/tr\/wp-json\/wp\/v2\/pages"}],"about":[{"href":"https:\/\/tampazarlama.com\/tr\/wp-json\/wp\/v2\/types\/page"}],"author":[{"embeddable":true,"href":"https:\/\/tampazarlama.com\/tr\/wp-json\/wp\/v2\/users\/1"}],"replies":[{"embeddable":true,"href":"https:\/\/tampazarlama.com\/tr\/wp-json\/wp\/v2\/comments?post=1222"}],"version-history":[{"count":3,"href":"https:\/\/tampazarlama.com\/tr\/wp-json\/wp\/v2\/pages\/1222\/revisions"}],"predecessor-version":[{"id":1351,"href":"https:\/\/tampazarlama.com\/tr\/wp-json\/wp\/v2\/pages\/1222\/revisions\/1351"}],"wp:attachment":[{"href":"https:\/\/tampazarlama.com\/tr\/wp-json\/wp\/v2\/media?parent=1222"}],"curies":[{"name":"wp","href":"https:\/\/api.w.org\/{rel}","templated":true}]}}