{"id":1230,"date":"2024-06-06T11:11:49","date_gmt":"2024-06-06T11:11:49","guid":{"rendered":"http:\/\/nsite.tampazarlama.com\/?page_id=1230"},"modified":"2024-06-06T11:11:51","modified_gmt":"2024-06-06T11:11:51","slug":"urunler","status":"publish","type":"page","link":"https:\/\/tampazarlama.com\/tr\/urunler\/","title":{"rendered":"\u00dcr\u00fcnler"},"content":{"rendered":"<div id='av_section_1'  class='avia-section av-1erbkl-375444a3281e51d27dae553763c33f39 main_color avia-section-large avia-no-border-styling  avia-builder-el-0  el_before_av_masonry_entries  avia-builder-el-first  avia-bg-style-scroll container_wrap sidebar_right'  ><div class='container av-section-cont-open' ><main  role=\"main\" itemprop=\"mainContentOfPage\"  class='template-page content  av-content-small alpha units'><div class='post-entry post-entry-type-page post-entry-1230'><div class='entry-content-wrapper clearfix'>\n\n<style type=\"text\/css\" data-created_by=\"avia_inline_auto\" id=\"style-css-av-19xhut-77d8fbe07d68307505660dce85c9ca3a\">\n#top .av-special-heading.av-19xhut-77d8fbe07d68307505660dce85c9ca3a{\npadding-bottom:30px;\nfont-size:70px;\n}\nbody .av-special-heading.av-19xhut-77d8fbe07d68307505660dce85c9ca3a .av-special-heading-tag .heading-char{\nfont-size:25px;\n}\n#top #wrap_all .av-special-heading.av-19xhut-77d8fbe07d68307505660dce85c9ca3a .av-special-heading-tag{\nfont-size:70px;\n}\n.av-special-heading.av-19xhut-77d8fbe07d68307505660dce85c9ca3a .av-subheading{\nfont-size:15px;\n}\n\n@media only screen and (min-width: 480px) and (max-width: 767px){ \n#top #wrap_all .av-special-heading.av-19xhut-77d8fbe07d68307505660dce85c9ca3a .av-special-heading-tag{\nfont-size:0.8em;\n}\n}\n\n@media only screen and (max-width: 479px){ \n#top #wrap_all .av-special-heading.av-19xhut-77d8fbe07d68307505660dce85c9ca3a .av-special-heading-tag{\nfont-size:0.8em;\n}\n}\n<\/style>\n<div  class='av-special-heading av-19xhut-77d8fbe07d68307505660dce85c9ca3a av-special-heading-h1 blockquote modern-quote  avia-builder-el-1  el_before_av_one_half  avia-builder-el-first  av-thin-font av-inherit-size'><h1 class='av-special-heading-tag'  itemprop=\"headline\"  >\u00dcr\u00fcnler<strong>.<\/strong><\/h1><div class=\"special-heading-border\"><div class=\"special-heading-inner-border\"><\/div><\/div><\/div>\n\n<style type=\"text\/css\" data-created_by=\"avia_inline_auto\" id=\"style-css-av-154f59-968a42ac52a002c1459b13064c09eeff\">\n.flex_column.av-154f59-968a42ac52a002c1459b13064c09eeff{\nborder-radius:0px 0px 0px 0px;\npadding:0px 0px 0px 0px;\n}\n<\/style>\n<div  class='flex_column av-154f59-968a42ac52a002c1459b13064c09eeff av_one_half  avia-builder-el-2  el_after_av_heading  el_before_av_one_half  first flex_column_div av-zero-column-padding  '     ><section  class='av_textblock_section av-v3p19-00c49e7f0cf296b8f2a69a49bce20f43 '   itemscope=\"itemscope\" itemtype=\"https:\/\/schema.org\/CreativeWork\" ><div class='avia_textblock'  itemprop=\"text\" ><p>Tam Pazarlama, y\u00fcksek <strong>kaliteli<\/strong> yeni ve kullan\u0131lm\u0131\u015f i\u015fleme ve paketleme makinelerinin d\u00fcnya \u00e7ap\u0131nda tan\u0131nm\u0131\u015f bir tedarik\u00e7isi ve al\u0131c\u0131s\u0131d\u0131r.<\/p>\n<p>Operasyonlar\u0131m\u0131z, her biri kendi \u00f6zel rollerine kapsaml\u0131 deneyim ve uzmanl\u0131k getiren y\u00fcksek vas\u0131fl\u0131 m\u00fchendis ve teknisyenlerden olu\u015fan bir ekip taraf\u0131ndan desteklenmektedir.<\/p>\n<\/div><\/section><\/div>\n<style type=\"text\/css\" data-created_by=\"avia_inline_auto\" id=\"style-css-av-otsbh-ded2534bdab5ecddce1c6745885c5af4\">\n.flex_column.av-otsbh-ded2534bdab5ecddce1c6745885c5af4{\nborder-radius:0px 0px 0px 0px;\npadding:0px 0px 0px 0px;\n}\n<\/style>\n<div  class='flex_column av-otsbh-ded2534bdab5ecddce1c6745885c5af4 av_one_half  avia-builder-el-4  el_after_av_one_half  el_before_av_hr  flex_column_div av-zero-column-padding  '     ><section  class='av_textblock_section av-1zwct-186c8a625b4deaf580e82f36f6ed6111 '   itemscope=\"itemscope\" itemtype=\"https:\/\/schema.org\/CreativeWork\" ><div class='avia_textblock'  itemprop=\"text\" ><p>M\u00fc\u015fterilerimiz ad\u0131na ekipman tedarik ederken hem yeni hem de kullan\u0131lm\u0131\u015f makinelerin g\u00fcvenilir tedarik\u00e7ileriyle yak\u0131n i\u015f birli\u011fi yap\u0131yoruz. Kaliteye olan ba\u011fl\u0131l\u0131\u011f\u0131m\u0131z de\u011fi\u015fmez ve her makinenin g\u00f6nderilmeden \u00f6nce kapsaml\u0131 ve eksiksiz bir de\u011ferlendirmeye tabi tutulmas\u0131n\u0131 sa\u011fl\u0131yoruz. Bu titiz s\u00fcre\u00e7, m\u00fc\u015fterilerimizin do\u011fru hizmeti almas\u0131n\u0131 ve al\u0131\u015fveri\u015flerini g\u00f6n\u00fcl rahatl\u0131\u011f\u0131yla yapabilmelerini garanti eder.<\/p>\n<\/div><\/section><\/div>\n<style type=\"text\/css\" data-created_by=\"avia_inline_auto\" id=\"style-css-av-hl8ot-31d96f74e8a3178de1107881e114dbd0\">\n#top .hr.hr-invisible.av-hl8ot-31d96f74e8a3178de1107881e114dbd0{\nheight:50px;\n}\n<\/style>\n<div  class='hr av-hl8ot-31d96f74e8a3178de1107881e114dbd0 hr-invisible  avia-builder-el-6  el_after_av_one_half  avia-builder-el-last '><span class='hr-inner '><span class=\"hr-inner-style\"><\/span><\/span><\/div>\n\n<style type=\"text\/css\" data-created_by=\"avia_inline_auto\" id=\"style-css-av-8k0ct-0717183acf1fd3d154af37c83c39bcbf\">\n#top .av-masonry.av-8k0ct-0717183acf1fd3d154af37c83c39bcbf{\nbackground-color:#191919;\n}\n<\/style>\n<div id='av-masonry-1' class='av-masonry av-8k0ct-0717183acf1fd3d154af37c83c39bcbf noHover av-flex-size av-large-gap av-hover-overlay-active av-masonry-animation-active av-masonry-col-4 av-caption-always av-caption-style- av-masonry-entries ' data-post_id=\"1230\"><div class=\"av-masonry-container isotope av-js-disabled\"><div class='av-masonry-entry isotope-item av-masonry-item-no-image '><\/div><a href=\"https:\/\/tampazarlama.com\/tr\/portfolio-item\/chrome-tank-316\/\"  id='av-masonry-1-item-1340' data-av-masonry-item='1340' class='av-masonry-entry isotope-item post-1340 portfolio type-portfolio status-publish has-post-thumbnail hentry  av-masonry-item-with-image' title=\"CHROME TANK 316\"   itemscope=\"itemscope\" itemtype=\"https:\/\/schema.org\/CreativeWork\" ><div class='av-inner-masonry-sizer'><\/div><figure class='av-inner-masonry main_color'><div class=\"av-masonry-outerimage-container\"><div class='av-masonry-image-container'   ><img decoding=\"async\" width=\"495\" height=\"400\" fetchpriority=\"high\" class=\"wp-image-1327 avia-img-lazy-loading-not-1327\"  src=\"https:\/\/tampazarlama.com\/wp-content\/uploads\/2024\/07\/CHROME-TANK-316-1-495x400.jpg\" title=\"CHROME TANK 316\" alt=\"\" srcset=\"https:\/\/tampazarlama.com\/wp-content\/uploads\/2024\/07\/CHROME-TANK-316-1-495x400.jpg 495w, https:\/\/tampazarlama.com\/wp-content\/uploads\/2024\/07\/CHROME-TANK-316-1-845x684.jpg 845w\" sizes=\"(max-width: 495px) 100vw, 495px\" \/><\/div><\/div><figcaption class='av-inner-masonry-content site-background'><div class='av-inner-masonry-content-pos'><div class='av-inner-masonry-content-pos-content'><div class='avia-arrow'><\/div><h3 class='av-masonry-entry-title entry-title '  itemprop=\"headline\" >CHROME TANK 316<\/h3><\/div><\/div><\/figcaption><\/figure><\/a><!--end av-masonry entry--><a href=\"https:\/\/tampazarlama.com\/tr\/portfolio-item\/dcf-500-600-yuksek-kaliteli-toz-torba-paketleme-makinasi\/\"  id='av-masonry-1-item-1258' data-av-masonry-item='1258' class='av-masonry-entry isotope-item post-1258 portfolio type-portfolio status-publish has-post-thumbnail hentry  av-masonry-item-with-image' title=\"\u0645\u0643\u0646\u0629 \u062a\u0639\u0628\u0626\u0629 \u0628\u0646\u0638\u0627\u0645 \u062d\u0644\u0632\u0648\u0646\u064a\"   itemscope=\"itemscope\" itemtype=\"https:\/\/schema.org\/CreativeWork\" ><div class='av-inner-masonry-sizer'><\/div><figure class='av-inner-masonry main_color'><div class=\"av-masonry-outerimage-container\"><div class='av-masonry-image-container'   ><img decoding=\"async\" width=\"495\" height=\"400\" fetchpriority=\"high\" class=\"wp-image-1067 avia-img-lazy-loading-not-1067\"  src=\"https:\/\/tampazarlama.com\/wp-content\/uploads\/2024\/06\/\u0645\u0643\u0646\u0629-\u062a\u0639\u0628\u0626\u0629-\u0628\u0646\u0638\u0627\u0645-\u062d\u0644\u0632\u0648\u0646\u064a-1-495x400.jpg\" title=\"\u0645\u0643\u0646\u0629 \u062a\u0639\u0628\u0626\u0629 \u0628\u0646\u0638\u0627\u0645 \u062d\u0644\u0632\u0648\u0646\u064a\" alt=\"\" \/><\/div><\/div><figcaption class='av-inner-masonry-content site-background'><div class='av-inner-masonry-content-pos'><div class='av-inner-masonry-content-pos-content'><div class='avia-arrow'><\/div><h3 class='av-masonry-entry-title entry-title '  itemprop=\"headline\" >Dcf-500\/600 Y\u00fcksek Kaliteli Toz Torba Paketleme Makinas\u0131<\/h3><\/div><\/div><\/figcaption><\/figure><\/a><!--end av-masonry entry--><a href=\"https:\/\/tampazarlama.com\/tr\/portfolio-item\/otomatik-8-nozullu-sivi-dolum-makinesi\/\"  id='av-masonry-1-item-1255' data-av-masonry-item='1255' class='av-masonry-entry isotope-item post-1255 portfolio type-portfolio status-publish has-post-thumbnail hentry  av-masonry-item-with-image' title=\"\u0645\u0643\u0646\u0629 \u062a\u0639\u0628\u0626\u0629 \u0633\u0648\u0627\u0626\u0644 \u0627\u0648\u062a\u0648\u0645\u0627\u062a\u064a\u0643 \u062a\u0639\u0628\u0626\u0629 \u0645\u0646 \u0627\u0644\u0639\u0645\u0642 8\u0646\u0632\u0644\"   itemscope=\"itemscope\" itemtype=\"https:\/\/schema.org\/CreativeWork\" ><div class='av-inner-masonry-sizer'><\/div><figure class='av-inner-masonry main_color'><div class=\"av-masonry-outerimage-container\"><div class='av-masonry-image-container'   ><img decoding=\"async\" width=\"495\" height=\"400\" fetchpriority=\"high\" class=\"wp-image-1070 avia-img-lazy-loading-not-1070\"  src=\"https:\/\/tampazarlama.com\/wp-content\/uploads\/2024\/06\/\u0645\u0643\u0646\u0629-\u062a\u0639\u0628\u0626\u0629-\u0633\u0648\u0627\u0626\u0644-\u0627\u0648\u062a\u0648\u0645\u0627\u062a\u064a\u0643-\u062a\u0639\u0628\u0626\u0629-\u0645\u0646-\u0627\u0644\u0639\u0645\u0642-8\u0646\u0632\u0644-1-495x400.jpg\" title=\"\u0645\u0643\u0646\u0629 \u062a\u0639\u0628\u0626\u0629 \u0633\u0648\u0627\u0626\u0644 \u0627\u0648\u062a\u0648\u0645\u0627\u062a\u064a\u0643 \u062a\u0639\u0628\u0626\u0629 \u0645\u0646 \u0627\u0644\u0639\u0645\u0642 8\u0646\u0632\u0644\" alt=\"\" srcset=\"https:\/\/tampazarlama.com\/wp-content\/uploads\/2024\/06\/\u0645\u0643\u0646\u0629-\u062a\u0639\u0628\u0626\u0629-\u0633\u0648\u0627\u0626\u0644-\u0627\u0648\u062a\u0648\u0645\u0627\u062a\u064a\u0643-\u062a\u0639\u0628\u0626\u0629-\u0645\u0646-\u0627\u0644\u0639\u0645\u0642-8\u0646\u0632\u0644-1-495x400.jpg 495w, https:\/\/tampazarlama.com\/wp-content\/uploads\/2024\/06\/\u0645\u0643\u0646\u0629-\u062a\u0639\u0628\u0626\u0629-\u0633\u0648\u0627\u0626\u0644-\u0627\u0648\u062a\u0648\u0645\u0627\u062a\u064a\u0643-\u062a\u0639\u0628\u0626\u0629-\u0645\u0646-\u0627\u0644\u0639\u0645\u0642-8\u0646\u0632\u0644-1-845x684.jpg 845w\" sizes=\"(max-width: 495px) 100vw, 495px\" \/><\/div><\/div><figcaption class='av-inner-masonry-content site-background'><div class='av-inner-masonry-content-pos'><div class='av-inner-masonry-content-pos-content'><div class='avia-arrow'><\/div><h3 class='av-masonry-entry-title entry-title '  itemprop=\"headline\" >Otomatik 8 Nozullu S\u0131v\u0131 Dolum Makinesi<\/h3><\/div><\/div><\/figcaption><\/figure><\/a><!--end av-masonry entry--><a href=\"https:\/\/tampazarlama.com\/tr\/portfolio-item\/paketleme-makinesi-tartimi-hacimsel\/\"  id='av-masonry-1-item-1260' data-av-masonry-item='1260' class='av-masonry-entry isotope-item post-1260 portfolio type-portfolio status-publish has-post-thumbnail hentry portfolio_entries-classes-tr  av-masonry-item-with-image' title=\"\u0645\u0643\u0646\u0629 \u062a\u0639\u0628\u0626\u0629 \u0628\u0646\u0638\u0627\u0645 \u062d\u062c\u0645\u064a \u0627\u0648 \u0648\u0632\u0646\u064a \u0646\u0648\u0639 \u0627\u0644\u0627\u0645\u0628\u0644\u0627\u062c \u0646\u0627\u064a\u0644\u0648\u0646\"   itemscope=\"itemscope\" itemtype=\"https:\/\/schema.org\/CreativeWork\" ><div class='av-inner-masonry-sizer'><\/div><figure class='av-inner-masonry main_color'><div class=\"av-masonry-outerimage-container\"><div class='av-masonry-image-container'   ><img decoding=\"async\" width=\"495\" height=\"400\" fetchpriority=\"high\" class=\"wp-image-1064 avia-img-lazy-loading-not-1064\"  src=\"https:\/\/tampazarlama.com\/wp-content\/uploads\/2024\/06\/\u0645\u0643\u0646\u0629-\u062a\u0639\u0628\u0626\u0629-\u0628\u0646\u0638\u0627\u0645-\u062d\u062c\u0645\u064a-\u0627\u0648-\u0648\u0632\u0646\u064a-\u0646\u0648\u0639-\u0627\u0644\u0627\u0645\u0628\u0644\u0627\u062c-\u0646\u0627\u064a\u0644\u0648\u0646-1-495x400.jpg\" title=\"\u0645\u0643\u0646\u0629 \u062a\u0639\u0628\u0626\u0629 \u0628\u0646\u0638\u0627\u0645 \u062d\u062c\u0645\u064a \u0627\u0648 \u0648\u0632\u0646\u064a \u0646\u0648\u0639 \u0627\u0644\u0627\u0645\u0628\u0644\u0627\u062c \u0646\u0627\u064a\u0644\u0648\u0646\" alt=\"\" srcset=\"https:\/\/tampazarlama.com\/wp-content\/uploads\/2024\/06\/\u0645\u0643\u0646\u0629-\u062a\u0639\u0628\u0626\u0629-\u0628\u0646\u0638\u0627\u0645-\u062d\u062c\u0645\u064a-\u0627\u0648-\u0648\u0632\u0646\u064a-\u0646\u0648\u0639-\u0627\u0644\u0627\u0645\u0628\u0644\u0627\u062c-\u0646\u0627\u064a\u0644\u0648\u0646-1-495x400.jpg 495w, https:\/\/tampazarlama.com\/wp-content\/uploads\/2024\/06\/\u0645\u0643\u0646\u0629-\u062a\u0639\u0628\u0626\u0629-\u0628\u0646\u0638\u0627\u0645-\u062d\u062c\u0645\u064a-\u0627\u0648-\u0648\u0632\u0646\u064a-\u0646\u0648\u0639-\u0627\u0644\u0627\u0645\u0628\u0644\u0627\u062c-\u0646\u0627\u064a\u0644\u0648\u0646-1-845x684.jpg 845w\" sizes=\"(max-width: 495px) 100vw, 495px\" \/><\/div><\/div><figcaption class='av-inner-masonry-content site-background'><div class='av-inner-masonry-content-pos'><div class='av-inner-masonry-content-pos-content'><div class='avia-arrow'><\/div><h3 class='av-masonry-entry-title entry-title '  itemprop=\"headline\" >paketleme makinesi tart\u0131m\u0131 \/ hacimsel<\/h3><\/div><\/div><\/figcaption><\/figure><\/a><!--end av-masonry entry--><a href=\"https:\/\/tampazarlama.com\/tr\/portfolio-item\/tartim-dolum-makinesi-cips-kuruyemis-cips-cerez-bakliyat\/\"  id='av-masonry-1-item-1250' data-av-masonry-item='1250' class='av-masonry-entry isotope-item post-1250 portfolio type-portfolio status-publish has-post-thumbnail hentry portfolio_entries-products-tr  av-masonry-item-with-image' title=\"\u0645\u0643\u0646\u0629 \u062a\u0639\u0628\u0626\u0629 \u0648\u0632\u0646\u064a\u0629 \u0645\u0642\u0631\u0645\u0634\u0627\u062a \u0634\u064a\u0628\u0633 \u0645\u0643\u0633\u0631\u0627\u062a\"   itemscope=\"itemscope\" itemtype=\"https:\/\/schema.org\/CreativeWork\" ><div class='av-inner-masonry-sizer'><\/div><figure class='av-inner-masonry main_color'><div class=\"av-masonry-outerimage-container\"><div class='av-masonry-image-container'   ><img decoding=\"async\" width=\"495\" height=\"400\" fetchpriority=\"high\" class=\"wp-image-1118 avia-img-lazy-loading-not-1118\"  src=\"https:\/\/tampazarlama.com\/wp-content\/uploads\/2024\/06\/\u0645\u0643\u0646\u0629-\u062a\u0639\u0628\u0626\u0629-\u0648\u0632\u0646\u064a\u0629-\u0645\u0642\u0631\u0645\u0634\u0627\u062a-\u0634\u064a\u0628\u0633-\u0645\u0643\u0633\u0631\u0627\u062a-495x400.png\" title=\"\u0645\u0643\u0646\u0629 \u062a\u0639\u0628\u0626\u0629 \u0648\u0632\u0646\u064a\u0629 \u0645\u0642\u0631\u0645\u0634\u0627\u062a \u0634\u064a\u0628\u0633 \u0645\u0643\u0633\u0631\u0627\u062a\" alt=\"\" srcset=\"https:\/\/tampazarlama.com\/wp-content\/uploads\/2024\/06\/\u0645\u0643\u0646\u0629-\u062a\u0639\u0628\u0626\u0629-\u0648\u0632\u0646\u064a\u0629-\u0645\u0642\u0631\u0645\u0634\u0627\u062a-\u0634\u064a\u0628\u0633-\u0645\u0643\u0633\u0631\u0627\u062a-495x400.png 495w, https:\/\/tampazarlama.com\/wp-content\/uploads\/2024\/06\/\u0645\u0643\u0646\u0629-\u062a\u0639\u0628\u0626\u0629-\u0648\u0632\u0646\u064a\u0629-\u0645\u0642\u0631\u0645\u0634\u0627\u062a-\u0634\u064a\u0628\u0633-\u0645\u0643\u0633\u0631\u0627\u062a-845x684.png 845w\" sizes=\"(max-width: 495px) 100vw, 495px\" \/><\/div><\/div><figcaption class='av-inner-masonry-content site-background'><div class='av-inner-masonry-content-pos'><div class='av-inner-masonry-content-pos-content'><div class='avia-arrow'><\/div><h3 class='av-masonry-entry-title entry-title '  itemprop=\"headline\" >Tart\u0131m Dolum Makinesi (Cips &#8211; Kuruyemi\u015f &#8211; Cips &#8211; \u00c7erez &#8211; Bakliyat )<\/h3><\/div><\/div><\/figcaption><\/figure><\/a><!--end av-masonry entry--><a href=\"https:\/\/tampazarlama.com\/tr\/portfolio-item\/volumetrik-dolum-makinesi\/\"  id='av-masonry-1-item-1252' data-av-masonry-item='1252' class='av-masonry-entry isotope-item post-1252 portfolio type-portfolio status-publish has-post-thumbnail hentry  av-masonry-item-with-image' title=\"\u0645\u0643\u0646\u0629 \u062a\u0639\u0628\u0626\u0629 \u0646\u0638\u0627\u0645 \u062d\u062c\u0645\u064a &#8211;\"   itemscope=\"itemscope\" itemtype=\"https:\/\/schema.org\/CreativeWork\" ><div class='av-inner-masonry-sizer'><\/div><figure class='av-inner-masonry main_color'><div class=\"av-masonry-outerimage-container\"><div class='av-masonry-image-container'   ><img decoding=\"async\" width=\"495\" height=\"400\" fetchpriority=\"high\" class=\"wp-image-1097 avia-img-lazy-loading-not-1097\"  src=\"https:\/\/tampazarlama.com\/wp-content\/uploads\/2024\/06\/\u0645\u0643\u0646\u0629-\u062a\u0639\u0628\u0626\u0629-\u0646\u0638\u0627\u0645-\u062d\u062c\u0645\u064a-1-1-495x400.png\" title=\"\u0645\u0643\u0646\u0629 \u062a\u0639\u0628\u0626\u0629 \u0646\u0638\u0627\u0645 \u062d\u062c\u0645\u064a &#8211;\" alt=\"\" srcset=\"https:\/\/tampazarlama.com\/wp-content\/uploads\/2024\/06\/\u0645\u0643\u0646\u0629-\u062a\u0639\u0628\u0626\u0629-\u0646\u0638\u0627\u0645-\u062d\u062c\u0645\u064a-1-1-495x400.png 495w, https:\/\/tampazarlama.com\/wp-content\/uploads\/2024\/06\/\u0645\u0643\u0646\u0629-\u062a\u0639\u0628\u0626\u0629-\u0646\u0638\u0627\u0645-\u062d\u062c\u0645\u064a-1-1-845x684.png 845w\" sizes=\"(max-width: 495px) 100vw, 495px\" \/><\/div><\/div><figcaption class='av-inner-masonry-content site-background'><div class='av-inner-masonry-content-pos'><div class='av-inner-masonry-content-pos-content'><div class='avia-arrow'><\/div><h3 class='av-masonry-entry-title entry-title '  itemprop=\"headline\" >Volumetrik Dolum Makinesi<\/h3><\/div><\/div><\/figcaption><\/figure><\/a><!--end av-masonry entry--><\/div><\/div><\/p>\n","protected":false},"excerpt":{"rendered":"","protected":false},"author":1,"featured_media":0,"parent":0,"menu_order":0,"comment_status":"closed","ping_status":"closed","template":"","meta":{"footnotes":""},"class_list":["post-1230","page","type-page","status-publish","hentry"],"_links":{"self":[{"href":"https:\/\/tampazarlama.com\/tr\/wp-json\/wp\/v2\/pages\/1230","targetHints":{"allow":["GET"]}}],"collection":[{"href":"https:\/\/tampazarlama.com\/tr\/wp-json\/wp\/v2\/pages"}],"about":[{"href":"https:\/\/tampazarlama.com\/tr\/wp-json\/wp\/v2\/types\/page"}],"author":[{"embeddable":true,"href":"https:\/\/tampazarlama.com\/tr\/wp-json\/wp\/v2\/users\/1"}],"replies":[{"embeddable":true,"href":"https:\/\/tampazarlama.com\/tr\/wp-json\/wp\/v2\/comments?post=1230"}],"version-history":[{"count":1,"href":"https:\/\/tampazarlama.com\/tr\/wp-json\/wp\/v2\/pages\/1230\/revisions"}],"predecessor-version":[{"id":1231,"href":"https:\/\/tampazarlama.com\/tr\/wp-json\/wp\/v2\/pages\/1230\/revisions\/1231"}],"wp:attachment":[{"href":"https:\/\/tampazarlama.com\/tr\/wp-json\/wp\/v2\/media?parent=1230"}],"curies":[{"name":"wp","href":"https:\/\/api.w.org\/{rel}","templated":true}]}}