{"id":1219,"date":"2024-06-06T09:48:07","date_gmt":"2024-06-06T09:48:07","guid":{"rendered":"http:\/\/nsite.tampazarlama.com\/?page_id=1219"},"modified":"2024-06-06T09:48:09","modified_gmt":"2024-06-06T09:48:09","slug":"saglik-ve-guvenlik","status":"publish","type":"page","link":"https:\/\/tampazarlama.com\/tr\/hakkimizda\/saglik-ve-guvenlik\/","title":{"rendered":"Sa\u011fl\u0131k ve g\u00fcvenlik"},"content":{"rendered":"<div id='av_section_1'  class='avia-section av-av_section-33a9d2291b82d61b6f805bbb74b4477c main_color avia-section-large avia-no-border-styling  avia-builder-el-0  el_before_av_layout_row  avia-builder-el-first  avia-bg-style-scroll container_wrap sidebar_right'  ><div class='container av-section-cont-open' ><main  role=\"main\" itemprop=\"mainContentOfPage\"  class='template-page content  av-content-small alpha units'><div class='post-entry post-entry-type-page post-entry-1219'><div class='entry-content-wrapper clearfix'>\n\n<style type=\"text\/css\" data-created_by=\"avia_inline_auto\" id=\"style-css-av-lx32j3ga-055c7eeab08e926fa25d76614196cc4b\">\n#top .av-special-heading.av-lx32j3ga-055c7eeab08e926fa25d76614196cc4b{\npadding-bottom:30px;\nfont-size:70px;\n}\nbody .av-special-heading.av-lx32j3ga-055c7eeab08e926fa25d76614196cc4b .av-special-heading-tag .heading-char{\nfont-size:25px;\n}\n#top #wrap_all .av-special-heading.av-lx32j3ga-055c7eeab08e926fa25d76614196cc4b .av-special-heading-tag{\nfont-size:70px;\n}\n.av-special-heading.av-lx32j3ga-055c7eeab08e926fa25d76614196cc4b .av-subheading{\nfont-size:15px;\n}\n\n@media only screen and (min-width: 480px) and (max-width: 767px){ \n#top #wrap_all .av-special-heading.av-lx32j3ga-055c7eeab08e926fa25d76614196cc4b .av-special-heading-tag{\nfont-size:0.8em;\n}\n}\n\n@media only screen and (max-width: 479px){ \n#top #wrap_all .av-special-heading.av-lx32j3ga-055c7eeab08e926fa25d76614196cc4b .av-special-heading-tag{\nfont-size:0.8em;\n}\n}\n<\/style>\n<div  class='av-special-heading av-lx32j3ga-055c7eeab08e926fa25d76614196cc4b av-special-heading-h1 blockquote modern-quote  avia-builder-el-1  el_before_av_one_half  avia-builder-el-first  av-thin-font av-inherit-size'><h1 class='av-special-heading-tag'  itemprop=\"headline\"  >Tam Pazarlama\u2019da  <strong>Sa\u011fl\u0131k<\/strong> <span class='special_amp'>&amp;<\/span> <strong> G\u00fcvenlik<\/strong> Prensipleri<strong>.<\/strong><\/h1><div class=\"special-heading-border\"><div class=\"special-heading-inner-border\"><\/div><\/div><\/div>\n\n<style type=\"text\/css\" data-created_by=\"avia_inline_auto\" id=\"style-css-av-av_one_half-068220c8262444be99a83ad265bdcedb\">\n.flex_column.av-av_one_half-068220c8262444be99a83ad265bdcedb{\nborder-radius:0px 0px 0px 0px;\npadding:0px 0px 0px 0px;\n}\n<\/style>\n<div  class='flex_column av-av_one_half-068220c8262444be99a83ad265bdcedb av_one_half  avia-builder-el-2  el_after_av_heading  el_before_av_one_half  first flex_column_div av-zero-column-padding  '     ><section  class='av_textblock_section av-lx32jxoc-811c0e8514fc7e5bdd6069dfecd1eaee '   itemscope=\"itemscope\" itemtype=\"https:\/\/schema.org\/CreativeWork\" ><div class='avia_textblock'  itemprop=\"text\" ><p>Tam Pazarlama olarak \u00e7al\u0131\u015fanlar\u0131m\u0131z\u0131n, y\u00fcklenicilerimizin, m\u00fc\u015fterilerimizin ve faaliyetlerimizden etkilenen t\u00fcm bireylerin sa\u011fl\u0131\u011f\u0131na, g\u00fcvenli\u011fine ve refah\u0131na b\u00fcy\u00fck \u00f6nem veriyoruz.<\/p>\n<p>G\u00fcvenli \u00e7al\u0131\u015fma ortamlar\u0131 yaratma ve s\u00fcrd\u00fcrme taahh\u00fcd\u00fcm\u00fcz i\u015f felsefemizin temel bir y\u00f6n\u00fcd\u00fcr.<\/p>\n<\/div><\/section><\/div>\n<style type=\"text\/css\" data-created_by=\"avia_inline_auto\" id=\"style-css-av-av_one_half-e671fab5613f317ef63eb9ab712c64a3\">\n.flex_column.av-av_one_half-e671fab5613f317ef63eb9ab712c64a3{\nborder-radius:0px 0px 0px 0px;\npadding:0px 0px 0px 0px;\n}\n<\/style>\n<div  class='flex_column av-av_one_half-e671fab5613f317ef63eb9ab712c64a3 av_one_half  avia-builder-el-4  el_after_av_one_half  avia-builder-el-last  flex_column_div av-zero-column-padding  '     ><section  class='av_textblock_section av-lx32kblo-06d6f9b5d36a995368f93190dc54e5dd '   itemscope=\"itemscope\" itemtype=\"https:\/\/schema.org\/CreativeWork\" ><div class='avia_textblock'  itemprop=\"text\" ><p><strong>Sa\u011fl\u0131k ve g\u00fcvenlik<\/strong> politikalar\u0131m\u0131z\u0131n etkili ve g\u00fcncel kalmas\u0131n\u0131 sa\u011flamak i\u00e7in d\u00fczenli incelemeler ve g\u00fcncellemeler yapmay\u0131 taahh\u00fct ediyoruz. Politikam\u0131z ve ilgili prosed\u00fcrlerimiz, ticari faaliyetlerimizdeki ve mevcut sa\u011fl\u0131k ve g\u00fcvenlik mevzuat\u0131ndaki de\u011fi\u015fiklikleri yans\u0131tacak \u015fekilde periyodik olarak ve y\u0131lda en az bir kez de\u011ferlendirilir.<\/p>\n<p>Tam Pazarlama, bu y\u00fcksek standartlar\u0131 koruyarak herkes i\u00e7in g\u00fcvenli ve destekleyici bir ortam sa\u011flayarak operasyonel ba\u015far\u0131m\u0131z\u0131 ve d\u00fcr\u00fcstl\u00fc\u011f\u00fcm\u00fcz\u00fc destekleyen bir g\u00fcvenlik k\u00fclt\u00fcr\u00fcn\u00fc te\u015fvik ediyor.<\/p>\n<\/div><\/section><\/div><\/div><\/div><\/main><!-- close content main element --><\/div><\/div><div id='av-layout-grid-1'  class='av-layout-grid-container av-av_layout_row-0dce2d40b5f90580bf5fcfed375534ba entry-content-wrapper alternate_color av-flex-cells  avia-builder-el-6  el_after_av_section  el_before_av_masonry_gallery  grid-row-not-first  container_wrap sidebar_right'  >\n\n<style type=\"text\/css\" data-created_by=\"avia_inline_auto\" id=\"style-css-av-av_cell_one_half-4991bc90b043b5607de9388d1d5f2893\">\n.flex_cell.av-av_cell_one_half-4991bc90b043b5607de9388d1d5f2893{\nvertical-align:middle;\nbackground:url(https:\/\/tampazarlama.com\/wp-content\/uploads\/2024\/06\/importance-of-health-and-safety-in-the-workplace-1000x630.jpg) 0% 50% no-repeat scroll ;\n}\n.responsive #top #wrap_all .flex_cell.av-av_cell_one_half-4991bc90b043b5607de9388d1d5f2893{\npadding:0px 0px 0px 0px !important;\n}\n<\/style>\n<div class='flex_cell av-av_cell_one_half-4991bc90b043b5607de9388d1d5f2893 av-gridrow-cell av_one_half no_margin  avia-builder-el-7  el_before_av_cell_one_half  avia-builder-el-first  av-zero-padding avia-full-stretch'  ><div class='flex_cell_inner'><\/div><\/div>\n<style type=\"text\/css\" data-created_by=\"avia_inline_auto\" id=\"style-css-av-av_cell_one_half-3cc9cacb7bac68ba67425db70fd483c8\">\n.flex_cell.av-av_cell_one_half-3cc9cacb7bac68ba67425db70fd483c8{\nvertical-align:middle;\n}\n.responsive #top #wrap_all .flex_cell.av-av_cell_one_half-3cc9cacb7bac68ba67425db70fd483c8{\npadding:100px 100px 100px 100px !important;\n}\n<\/style>\n<div class='flex_cell av-av_cell_one_half-3cc9cacb7bac68ba67425db70fd483c8 av-gridrow-cell av_one_half no_margin  avia-builder-el-8  el_after_av_cell_one_half  avia-builder-el-last '  ><div class='flex_cell_inner'><p>\n<style type=\"text\/css\" data-created_by=\"avia_inline_auto\" id=\"style-css-av-lx32m9nw-f8bcdee0aa8a8da016a98ac344d87713\">\n#top .av-special-heading.av-lx32m9nw-f8bcdee0aa8a8da016a98ac344d87713{\npadding-bottom:20px;\nfont-size:50px;\n}\nbody .av-special-heading.av-lx32m9nw-f8bcdee0aa8a8da016a98ac344d87713 .av-special-heading-tag .heading-char{\nfont-size:25px;\n}\n#top #wrap_all .av-special-heading.av-lx32m9nw-f8bcdee0aa8a8da016a98ac344d87713 .av-special-heading-tag{\nfont-size:50px;\n}\n.av-special-heading.av-lx32m9nw-f8bcdee0aa8a8da016a98ac344d87713 .av-subheading{\nfont-size:15px;\n}\n\n@media only screen and (min-width: 480px) and (max-width: 767px){ \n#top #wrap_all .av-special-heading.av-lx32m9nw-f8bcdee0aa8a8da016a98ac344d87713 .av-special-heading-tag{\nfont-size:0.8em;\n}\n}\n\n@media only screen and (max-width: 479px){ \n#top #wrap_all .av-special-heading.av-lx32m9nw-f8bcdee0aa8a8da016a98ac344d87713 .av-special-heading-tag{\nfont-size:0.8em;\n}\n}\n<\/style>\n<div  class='av-special-heading av-lx32m9nw-f8bcdee0aa8a8da016a98ac344d87713 av-special-heading-h1 blockquote modern-quote  avia-builder-el-9  el_before_av_textblock  avia-builder-el-first  av-thin-font av-inherit-size'><h1 class='av-special-heading-tag'  itemprop=\"headline\"  >Taahh\u00fctlerimiz<strong>.<\/strong><\/h1><div class=\"special-heading-border\"><div class=\"special-heading-inner-border\"><\/div><\/div><\/div><br \/>\n<section  class='av_textblock_section av-lx32q4b6-91528ac423f89cfba58bdf632cda4d88 '   itemscope=\"itemscope\" itemtype=\"https:\/\/schema.org\/CreativeWork\" ><div class='avia_textblock'  itemprop=\"text\" ><ul>\n<li><strong>G\u00fcvenli \u00c7al\u0131\u015fma Ortamlar\u0131:<\/strong> G\u00fcvenli \u00e7al\u0131\u015fma ortamlar\u0131, ekipmanlar\u0131 ve \u00e7al\u0131\u015fma sistemleri sa\u011flamaya ve s\u00fcrd\u00fcrmeye kendimizi adad\u0131k. Bu taahh\u00fct, \u00e7al\u0131\u015fanlar\u0131m\u0131z\u0131n ve operasyonlar\u0131m\u0131zda yer alan herkesin refah\u0131n\u0131 sa\u011flar.<\/li>\n<li><strong>Kapsaml\u0131 E\u011fitim ve Denetim:<\/strong> \u00c7al\u0131\u015fanlar\u0131m\u0131za kapsaml\u0131 bilgi, e\u011fitim ve denetim sunarak, g\u00f6revlerini g\u00fcvenli ve verimli bir \u015fekilde yerine getirmeleri i\u00e7in gerekli bilgi ve becerilerle donat\u0131yoruz.<\/li>\n<li><strong>Mevzuata Ba\u011fl\u0131l\u0131k:<\/strong> Belirli sa\u011fl\u0131k ve g\u00fcvenlik mevzuat\u0131nda belirtilen g\u00f6rev ve gerekliliklere s\u0131k\u0131 s\u0131k\u0131ya uyar\u0131z. Uydu\u011fumuz temel d\u00fczenlemeler \u015funlar\u0131 i\u00e7erir:<\/li>\n<\/ul>\n<ul>\n<li style=\"list-style-type: none;\">\n<ul>\n<li>\u0130\u015f Sa\u011fl\u0131\u011f\u0131 ve G\u00fcvenli\u011fi Y\u00f6netimi Y\u00f6netmeli\u011fi 1999<\/li>\n<li>Manuel Ta\u015f\u0131ma Operasyonlar\u0131 Y\u00f6netmeli\u011fi 1992<\/li>\n<li>\u0130\u015f Ekipmanlar\u0131n\u0131n Sa\u011flanmas\u0131 ve Kullan\u0131m\u0131 Y\u00f6netmeli\u011fi 1998<\/li>\n<li>Kald\u0131rma Operasyonlar\u0131 ve Kald\u0131rma Ekipmanlar\u0131 Y\u00f6netmeli\u011fi 1998<\/li>\n<\/ul>\n<\/li>\n<\/ul>\n<\/div><\/section><\/p>\n<\/div><\/div><\/div>\n<style type=\"text\/css\" data-created_by=\"avia_inline_auto\" id=\"style-css-av-av_masonry_gallery-314d8bfe925c833fa9ea6e3c8d319567\">\n#top .av-masonry.av-av_masonry_gallery-314d8bfe925c833fa9ea6e3c8d319567{\nbackground-color:#191919;\n}\n<\/style>\n<div id='av-masonry-1' class='av-masonry av-av_masonry_gallery-314d8bfe925c833fa9ea6e3c8d319567 noHover av-fixed-size av-large-gap av-hover-overlay-active av-masonry-animation-active av-masonry-col-5 av-caption-always av-caption-style- av-masonry-gallery ' data-post_id=\"1219\"><div class=\"av-masonry-container isotope av-js-disabled\"><div class='av-masonry-entry isotope-item av-masonry-item-no-image '><\/div><a href=\"https:\/\/tampazarlama.com\/wp-content\/uploads\/2024\/06\/Health-and-Safety.jpg\" data-srcset=\"https:\/\/tampazarlama.com\/wp-content\/uploads\/2024\/06\/Health-and-Safety.jpg 599w, https:\/\/tampazarlama.com\/wp-content\/uploads\/2024\/06\/Health-and-Safety-300x140.jpg 300w\" data-sizes=\"(max-width: 599px) 100vw, 599px\"  aria-label=\"image Health-and-Safety\"  id='av-masonry-1-item-999' data-av-masonry-item='999' class='av-masonry-entry isotope-item post-999 attachment type-attachment status-inherit hentry  av-masonry-item-with-image' title=\"Health-and-Safety\" alt=\"\"    itemprop=\"thumbnailUrl\" ><div class='av-inner-masonry-sizer'><\/div><figure class='av-inner-masonry main_color'><div class=\"av-masonry-outerimage-container\"><div class='av-masonry-image-container' style=\"background-image: url(https:\/\/tampazarlama.com\/wp-content\/uploads\/2024\/06\/Health-and-Safety-495x280.jpg);\"  title=\"Health-and-Safety\"  ><\/div><\/div><\/figure><\/a><!--end av-masonry entry--><a href=\"https:\/\/tampazarlama.com\/wp-content\/uploads\/2024\/06\/Health-and-Safety-at-Work-Regulations-1.jpg\" data-srcset=\"https:\/\/tampazarlama.com\/wp-content\/uploads\/2024\/06\/Health-and-Safety-at-Work-Regulations-1.jpg 650w, https:\/\/tampazarlama.com\/wp-content\/uploads\/2024\/06\/Health-and-Safety-at-Work-Regulations-1-300x200.jpg 300w\" data-sizes=\"(max-width: 650px) 100vw, 650px\"  aria-label=\"image Health-and-Safety-at-Work-Regulations\"  id='av-masonry-1-item-1016' data-av-masonry-item='1016' class='av-masonry-entry isotope-item post-1016 attachment type-attachment status-inherit hentry  av-masonry-item-with-image' title=\"Health-and-Safety-at-Work-Regulations\" alt=\"\"    itemprop=\"thumbnailUrl\" ><div class='av-inner-masonry-sizer'><\/div><figure class='av-inner-masonry main_color'><div class=\"av-masonry-outerimage-container\"><div class='av-masonry-image-container' style=\"background-image: url(https:\/\/tampazarlama.com\/wp-content\/uploads\/2024\/06\/Health-and-Safety-at-Work-Regulations-1-495x400.jpg);\"  title=\"Health-and-Safety-at-Work-Regulations\"  ><\/div><\/div><\/figure><\/a><!--end av-masonry entry--><a href=\"https:\/\/tampazarlama.com\/wp-content\/uploads\/2024\/06\/shutterstock_573405934-632x422-1.jpg\" data-srcset=\"https:\/\/tampazarlama.com\/wp-content\/uploads\/2024\/06\/shutterstock_573405934-632x422-1.jpg 632w, https:\/\/tampazarlama.com\/wp-content\/uploads\/2024\/06\/shutterstock_573405934-632x422-1-300x200.jpg 300w\" data-sizes=\"(max-width: 632px) 100vw, 632px\"  aria-label=\"image shutterstock_573405934-632&#215;422\"  id='av-masonry-1-item-1008' data-av-masonry-item='1008' class='av-masonry-entry isotope-item post-1008 attachment type-attachment status-inherit hentry  av-masonry-item-with-image' title=\"shutterstock_573405934-632&#215;422\" alt=\"\"    itemprop=\"thumbnailUrl\" ><div class='av-inner-masonry-sizer'><\/div><figure class='av-inner-masonry main_color'><div class=\"av-masonry-outerimage-container\"><div class='av-masonry-image-container' style=\"background-image: url(https:\/\/tampazarlama.com\/wp-content\/uploads\/2024\/06\/shutterstock_573405934-632x422-1-495x400.jpg);\"  title=\"shutterstock_573405934-632&#215;422\"  ><\/div><\/div><\/figure><\/a><!--end av-masonry entry--><a href=\"https:\/\/tampazarlama.com\/wp-content\/uploads\/2024\/06\/corporate-safety-training.jpg\" data-srcset=\"https:\/\/tampazarlama.com\/wp-content\/uploads\/2024\/06\/corporate-safety-training.jpg 650w, https:\/\/tampazarlama.com\/wp-content\/uploads\/2024\/06\/corporate-safety-training-300x200.jpg 300w\" data-sizes=\"(max-width: 650px) 100vw, 650px\"  aria-label=\"image corporate-safety-training\"  id='av-masonry-1-item-1012' data-av-masonry-item='1012' class='av-masonry-entry isotope-item post-1012 attachment type-attachment status-inherit hentry  av-masonry-item-with-image' title=\"corporate-safety-training\" alt=\"\"    itemprop=\"thumbnailUrl\" ><div class='av-inner-masonry-sizer'><\/div><figure class='av-inner-masonry main_color'><div class=\"av-masonry-outerimage-container\"><div class='av-masonry-image-container' style=\"background-image: url(https:\/\/tampazarlama.com\/wp-content\/uploads\/2024\/06\/corporate-safety-training-495x400.jpg);\"  title=\"corporate-safety-training\"  ><\/div><\/div><\/figure><\/a><!--end av-masonry entry--><a href=\"https:\/\/tampazarlama.com\/wp-content\/uploads\/2024\/06\/importance-of-health-and-safety-in-the-workplace.jpg\" data-srcset=\"https:\/\/tampazarlama.com\/wp-content\/uploads\/2024\/06\/importance-of-health-and-safety-in-the-workplace.jpg 1000w, https:\/\/tampazarlama.com\/wp-content\/uploads\/2024\/06\/importance-of-health-and-safety-in-the-workplace-300x200.jpg 300w, https:\/\/tampazarlama.com\/wp-content\/uploads\/2024\/06\/importance-of-health-and-safety-in-the-workplace-768x512.jpg 768w, https:\/\/tampazarlama.com\/wp-content\/uploads\/2024\/06\/importance-of-health-and-safety-in-the-workplace-705x470.jpg 705w\" data-sizes=\"(max-width: 1000px) 100vw, 1000px\"  aria-label=\"image importance-of-health-and-safety-in-the-workplace\"  id='av-masonry-1-item-1005' data-av-masonry-item='1005' class='av-masonry-entry isotope-item post-1005 attachment type-attachment status-inherit hentry  av-masonry-item-with-image' title=\"importance-of-health-and-safety-in-the-workplace\" alt=\"\"    itemprop=\"thumbnailUrl\" ><div class='av-inner-masonry-sizer'><\/div><figure class='av-inner-masonry main_color'><div class=\"av-masonry-outerimage-container\"><div class='av-masonry-image-container' style=\"background-image: url(https:\/\/tampazarlama.com\/wp-content\/uploads\/2024\/06\/importance-of-health-and-safety-in-the-workplace-495x400.jpg);\"  title=\"importance-of-health-and-safety-in-the-workplace\"  ><\/div><\/div><\/figure><\/a><!--end av-masonry entry--><\/div><\/div><\/p>\n","protected":false},"excerpt":{"rendered":"","protected":false},"author":1,"featured_media":0,"parent":1211,"menu_order":0,"comment_status":"closed","ping_status":"closed","template":"","meta":{"footnotes":""},"class_list":["post-1219","page","type-page","status-publish","hentry"],"_links":{"self":[{"href":"https:\/\/tampazarlama.com\/tr\/wp-json\/wp\/v2\/pages\/1219","targetHints":{"allow":["GET"]}}],"collection":[{"href":"https:\/\/tampazarlama.com\/tr\/wp-json\/wp\/v2\/pages"}],"about":[{"href":"https:\/\/tampazarlama.com\/tr\/wp-json\/wp\/v2\/types\/page"}],"author":[{"embeddable":true,"href":"https:\/\/tampazarlama.com\/tr\/wp-json\/wp\/v2\/users\/1"}],"replies":[{"embeddable":true,"href":"https:\/\/tampazarlama.com\/tr\/wp-json\/wp\/v2\/comments?post=1219"}],"version-history":[{"count":1,"href":"https:\/\/tampazarlama.com\/tr\/wp-json\/wp\/v2\/pages\/1219\/revisions"}],"predecessor-version":[{"id":1220,"href":"https:\/\/tampazarlama.com\/tr\/wp-json\/wp\/v2\/pages\/1219\/revisions\/1220"}],"up":[{"embeddable":true,"href":"https:\/\/tampazarlama.com\/tr\/wp-json\/wp\/v2\/pages\/1211"}],"wp:attachment":[{"href":"https:\/\/tampazarlama.com\/tr\/wp-json\/wp\/v2\/media?parent=1219"}],"curies":[{"name":"wp","href":"https:\/\/api.w.org\/{rel}","templated":true}]}}